{"id":17949,"date":"2023-06-08T10:09:12","date_gmt":"2023-06-08T08:09:12","guid":{"rendered":"https:\/\/sing-akademie.ch\/artistic-director\/"},"modified":"2024-04-19T12:24:45","modified_gmt":"2024-04-19T10:24:45","slug":"artistic-director","status":"publish","type":"page","link":"https:\/\/sing-akademie.ch\/en\/artistic-director\/","title":{"rendered":"Artistic Director"},"content":{"rendered":"<div class=\"wpb-content-wrapper\"><p>[vc_row css_animation=&#8221;&#8221; row_type=&#8221;row&#8221; use_row_as_full_screen_section=&#8221;no&#8221; type=&#8221;full_width&#8221; angled_section=&#8221;no&#8221; text_align=&#8221;left&#8221; background_image_as_pattern=&#8221;without_pattern&#8221;][vc_column width=&#8221;1\/4&#8243;][vc_single_image image=&#8221;15673&#8243; img_size=&#8221;medium&#8221; qode_css_animation=&#8221;&#8221;][\/vc_column][vc_column width=&#8221;3\/4&#8243;][vc_column_text]<\/p>\n<h2>Florian Helgath<\/h2>\n<p>[\/vc_column_text][vc_separator type=&#8221;small&#8221; position=&#8221;left&#8221; color=&#8221;#cf9c73&#8243; thickness=&#8221;3&#8243; up=&#8221;20&#8243; down=&#8221;20&#8243;][vc_column_text]<\/p>\n<div class=\"page\" title=\"Page 1\">\n<div class=\"layoutArea\">\n<div class=\"column\">\n<p>Florian Helgath has established himself as one of the leading choral conductors of this generation. He has been Artistic Director of ChorWerk Ruhr since 2011 and was appointed Artistic Director of the Z\u00fcrcher Sing-Akademie in 2017. With these two ensembles he explores choral music from all eras, ranging from a cappella repertoire to the vast choral works of the symphonic genre.<\/p>\n<p>Florian Helgath regularly appears as guest conductor with many leading vocal ensembles and has collaborated with renowned orchestras. He has performed in many major concert halls, and at festivals including the Berliner Festspiele, Schwetzinger Festspiele, Audi Sommerkonzerte, Eclat Festival Neue Musik Stuttgart and Th\u00fcringer Bachwochen. He has developed a particular connection with the Ruhrtriennale; his projects for this festival include numerous contemporary music theatre productions.<\/p>\n<p>His discography includes a number of prize-winning recordings: his interpretations have achieved accolades including the ICMA and ECHO Klassik, as well as Grammy nomination.<\/p>\n<\/div>\n<\/div>\n<\/div>\n<p>[\/vc_column_text][\/vc_column][\/vc_row][vc_row css_animation=&#8221;&#8221; row_type=&#8221;row&#8221; use_row_as_full_screen_section=&#8221;no&#8221; type=&#8221;full_width&#8221; angled_section=&#8221;no&#8221; text_align=&#8221;left&#8221; background_image_as_pattern=&#8221;without_pattern&#8221;][vc_column][vc_column_text]Florian Helgath\u2019s formative musical experiences took place in his native town, where he was a member of the Regensburger Domspatzen; he continued his studies at the Hochschule f\u00fcr Musik und Theater in M\u00fcnchen. Among his most influential teachers were Michael Gl\u00e4ser, Stefan Parkman, and Dan Olof Stenlund.<\/p>\n<p>In October 2020 Florian Helgath was appointed professor at the University of Music and Dance in Cologne for choral conducting.<\/p>\n<p>He achieved international successes as prize-winner at competitions including the Eric Ericson Award in Sweden (2006) and the International Competition for Young Choral Conductors in Budapest (2007).[\/vc_column_text][\/vc_column][\/vc_row][vc_row css_animation=&#8221;&#8221; row_type=&#8221;row&#8221; use_row_as_full_screen_section=&#8221;no&#8221; type=&#8221;full_width&#8221; angled_section=&#8221;no&#8221; text_align=&#8221;left&#8221; background_image_as_pattern=&#8221;without_pattern&#8221;][vc_column][vc_empty_space][vc_separator type=&#8221;normal&#8221; color=&#8221;#cf9c73&#8243; thickness=&#8221;3&#8243;][vc_empty_space][vc_column_text]<\/p>\n<h5 style=\"text-align: center;\">Florian Helgath conducting the Z\u00fcrcher Sing-Akademie<\/h5>\n<p>[\/vc_column_text][vc_empty_space][\/vc_column][\/vc_row][vc_row css_animation=&#8221;&#8221; row_type=&#8221;row&#8221; use_row_as_full_screen_section=&#8221;no&#8221; type=&#8221;full_width&#8221; angled_section=&#8221;no&#8221; text_align=&#8221;left&#8221; background_image_as_pattern=&#8221;without_pattern&#8221;][vc_column width=&#8221;1\/3&#8243;]<div class=\"qode_video_box\">\n\t<a itemprop=\"image\" class=\"qode_video_image\" href=\"https:\/\/youtu.be\/olxCIuT5qP8\" data-rel=\"prettyPhoto\">\n\t\t\t\n\t\t\t<img decoding=\"async\" src=\"https:\/\/sing-akademie.ch\/wp-content\/uploads\/2023\/06\/Ach-Herr-Kopie.jpg\" \/>\n\t\t\t<span class=\"qode_video_box_button_holder\">\n\t\t\t\t<span class=\"qode_video_box_button\">\n\t\t\t\t\t<span class=\"qode_video_box_button_arrow\">\n\t\t\t\t\t<\/span>\n\t\t\t\t<\/span>\n\t\t\t<\/span>\n\t\t\t<\/a>\n<\/div>[vc_column_text]<\/p>\n<h6 style=\"text-align: center;\">Knut Nysted:<\/h6>\n<h6 style=\"text-align: center;\">O Crux<\/h6>\n<p>[\/vc_column_text][vc_empty_space][\/vc_column][vc_column width=&#8221;1\/3&#8243;]<div class=\"qode_video_box\">\n\t<a itemprop=\"image\" class=\"qode_video_image\" href=\"https:\/\/youtu.be\/U_nhOieYrh8\" data-rel=\"prettyPhoto\">\n\t\t\t\n\t\t\t<img decoding=\"async\" src=\"https:\/\/sing-akademie.ch\/wp-content\/uploads\/2023\/06\/Rushton.jpg\" \/>\n\t\t\t<span class=\"qode_video_box_button_holder\">\n\t\t\t\t<span class=\"qode_video_box_button\">\n\t\t\t\t\t<span class=\"qode_video_box_button_arrow\">\n\t\t\t\t\t<\/span>\n\t\t\t\t<\/span>\n\t\t\t<\/span>\n\t\t\t<\/a>\n<\/div>[vc_column_text]<\/p>\n<h6 style=\"text-align: center;\">Edward Rushton:<\/h6>\n<h6 style=\"text-align: center;\">La Chanson de Roland<\/h6>\n<p>[\/vc_column_text][vc_empty_space][\/vc_column][vc_column width=&#8221;1\/3&#8243;]<div class=\"qode_video_box\">\n\t<a itemprop=\"image\" class=\"qode_video_image\" href=\"https:\/\/youtu.be\/E8gPa2LRfnQ\" data-rel=\"prettyPhoto\">\n\t\t\t\n\t\t\t<img decoding=\"async\" src=\"https:\/\/sing-akademie.ch\/wp-content\/uploads\/2023\/06\/maxresdefault.jpg\" \/>\n\t\t\t<span class=\"qode_video_box_button_holder\">\n\t\t\t\t<span class=\"qode_video_box_button\">\n\t\t\t\t\t<span class=\"qode_video_box_button_arrow\">\n\t\t\t\t\t<\/span>\n\t\t\t\t<\/span>\n\t\t\t<\/span>\n\t\t\t<\/a>\n<\/div>[vc_column_text]<\/p>\n<h6 style=\"text-align: center;\">Johann Sebastian Bach:<\/h6>\n<h6 style=\"text-align: center;\">Oh Haupt voll Blut und Wunden<\/h6>\n<p>[\/vc_column_text][vc_empty_space][\/vc_column][\/vc_row]<\/p>\n<\/div>","protected":false},"excerpt":{"rendered":"<p>[vc_row css_animation=&#8221;&#8221; row_type=&#8221;row&#8221; use_row_as_full_screen_section=&#8221;no&#8221; type=&#8221;full_width&#8221; angled_section=&#8221;no&#8221; text_align=&#8221;left&#8221; background_image_as_pattern=&#8221;without_pattern&#8221;][vc_column width=&#8221;1\/4&#8243;][vc_single_image image=&#8221;15673&#8243; img_size=&#8221;medium&#8221; qode_css_animation=&#8221;&#8221;][\/vc_column][vc_column width=&#8221;3\/4&#8243;][vc_column_text] Florian Helgath [\/vc_column_text][vc_separator type=&#8221;small&#8221; position=&#8221;left&#8221; color=&#8221;#cf9c73&#8243; thickness=&#8221;3&#8243; up=&#8221;20&#8243; down=&#8221;20&#8243;][vc_column_text] Florian Helgath has established himself as one of the leading choral conductors of this generation. He has been Artistic Director of ChorWerk Ruhr&#8230;<\/p>\n","protected":false},"author":1,"featured_media":0,"parent":0,"menu_order":0,"comment_status":"closed","ping_status":"closed","template":"","meta":{"_themeisle_gutenberg_block_has_review":false,"footnotes":""},"class_list":["post-17949","page","type-page","status-publish","hentry"],"yoast_head":"<!-- This site is optimized with the Yoast SEO plugin v27.3 - https:\/\/yoast.com\/product\/yoast-seo-wordpress\/ -->\n<title>Z\u00fcrcher Sing-Akademie &#183; Artistic Director<\/title>\n<meta name=\"robots\" content=\"index, follow, max-snippet:-1, max-image-preview:large, max-video-preview:-1\" \/>\n<link rel=\"canonical\" href=\"https:\/\/sing-akademie.ch\/en\/artistic-director\/\" \/>\n<meta property=\"og:locale\" content=\"en_US\" \/>\n<meta property=\"og:type\" content=\"article\" \/>\n<meta property=\"og:title\" content=\"Z\u00fcrcher Sing-Akademie &#183; Artistic Director\" \/>\n<meta property=\"og:description\" content=\"[vc_row css_animation=&#8221;&#8221; row_type=&#8221;row&#8221; use_row_as_full_screen_section=&#8221;no&#8221; type=&#8221;full_width&#8221; angled_section=&#8221;no&#8221; text_align=&#8221;left&#8221; background_image_as_pattern=&#8221;without_pattern&#8221;][vc_column width=&#8221;1\/4&#8243;][vc_single_image image=&#8221;15673&#8243; img_size=&#8221;medium&#8221; qode_css_animation=&#8221;&#8221;][\/vc_column][vc_column width=&#8221;3\/4&#8243;][vc_column_text] Florian Helgath [\/vc_column_text][vc_separator type=&#8221;small&#8221; position=&#8221;left&#8221; color=&#8221;#cf9c73&#8243; thickness=&#8221;3&#8243; up=&#8221;20&#8243; down=&#8221;20&#8243;][vc_column_text] Florian Helgath has established himself as one of the leading choral conductors of this generation. He has been Artistic Director of ChorWerk Ruhr...\" \/>\n<meta property=\"og:url\" content=\"https:\/\/sing-akademie.ch\/en\/artistic-director\/\" \/>\n<meta property=\"og:site_name\" content=\"Z\u00fcrcher Sing-Akademie\" \/>\n<meta property=\"article:publisher\" content=\"https:\/\/www.facebook.com\/ZSAEvents\" \/>\n<meta property=\"article:modified_time\" content=\"2024-04-19T10:24:45+00:00\" \/>\n<meta property=\"og:image\" content=\"https:\/\/sing-akademie.ch\/wp-content\/uploads\/2023\/06\/LOGO-TS.png\" \/>\n\t<meta property=\"og:image:width\" content=\"570\" \/>\n\t<meta property=\"og:image:height\" content=\"329\" \/>\n\t<meta property=\"og:image:type\" content=\"image\/png\" \/>\n<meta name=\"twitter:card\" content=\"summary_large_image\" \/>\n<meta name=\"twitter:label1\" content=\"Est. reading time\" \/>\n\t<meta name=\"twitter:data1\" content=\"3 minutes\" \/>\n<script type=\"application\/ld+json\" class=\"yoast-schema-graph\">{\"@context\":\"https:\\\/\\\/schema.org\",\"@graph\":[{\"@type\":\"WebPage\",\"@id\":\"https:\\\/\\\/sing-akademie.ch\\\/en\\\/artistic-director\\\/\",\"url\":\"https:\\\/\\\/sing-akademie.ch\\\/en\\\/artistic-director\\\/\",\"name\":\"Z\u00fcrcher Sing-Akademie &#183; Artistic Director\",\"isPartOf\":{\"@id\":\"https:\\\/\\\/sing-akademie.ch\\\/en\\\/#website\"},\"datePublished\":\"2023-06-08T08:09:12+00:00\",\"dateModified\":\"2024-04-19T10:24:45+00:00\",\"breadcrumb\":{\"@id\":\"https:\\\/\\\/sing-akademie.ch\\\/en\\\/artistic-director\\\/#breadcrumb\"},\"inLanguage\":\"en-US\",\"potentialAction\":[{\"@type\":\"ReadAction\",\"target\":[\"https:\\\/\\\/sing-akademie.ch\\\/en\\\/artistic-director\\\/\"]}]},{\"@type\":\"BreadcrumbList\",\"@id\":\"https:\\\/\\\/sing-akademie.ch\\\/en\\\/artistic-director\\\/#breadcrumb\",\"itemListElement\":[{\"@type\":\"ListItem\",\"position\":1,\"name\":\"Homepage\",\"item\":\"https:\\\/\\\/sing-akademie.ch\\\/en\\\/homepage\\\/\"},{\"@type\":\"ListItem\",\"position\":2,\"name\":\"Artistic Director\"}]},{\"@type\":\"WebSite\",\"@id\":\"https:\\\/\\\/sing-akademie.ch\\\/en\\\/#website\",\"url\":\"https:\\\/\\\/sing-akademie.ch\\\/en\\\/\",\"name\":\"Z\u00fcrcher Sing-Akademie\",\"description\":\"...the world from a choral view\",\"publisher\":{\"@id\":\"https:\\\/\\\/sing-akademie.ch\\\/en\\\/#organization\"},\"potentialAction\":[{\"@type\":\"SearchAction\",\"target\":{\"@type\":\"EntryPoint\",\"urlTemplate\":\"https:\\\/\\\/sing-akademie.ch\\\/en\\\/?s={search_term_string}\"},\"query-input\":{\"@type\":\"PropertyValueSpecification\",\"valueRequired\":true,\"valueName\":\"search_term_string\"}}],\"inLanguage\":\"en-US\"},{\"@type\":\"Organization\",\"@id\":\"https:\\\/\\\/sing-akademie.ch\\\/en\\\/#organization\",\"name\":\"Z\u00fcrcher Sing-Akademie\",\"alternateName\":\"ZSA\",\"url\":\"https:\\\/\\\/sing-akademie.ch\\\/en\\\/\",\"logo\":{\"@type\":\"ImageObject\",\"inLanguage\":\"en-US\",\"@id\":\"https:\\\/\\\/sing-akademie.ch\\\/en\\\/#\\\/schema\\\/logo\\\/image\\\/\",\"url\":\"https:\\\/\\\/sing-akademie.ch\\\/wp-content\\\/uploads\\\/2023\\\/06\\\/Logo_ZSA_CMYK-scaled.jpg\",\"contentUrl\":\"https:\\\/\\\/sing-akademie.ch\\\/wp-content\\\/uploads\\\/2023\\\/06\\\/Logo_ZSA_CMYK-scaled.jpg\",\"width\":2560,\"height\":832,\"caption\":\"Z\u00fcrcher Sing-Akademie\"},\"image\":{\"@id\":\"https:\\\/\\\/sing-akademie.ch\\\/en\\\/#\\\/schema\\\/logo\\\/image\\\/\"},\"sameAs\":[\"https:\\\/\\\/www.facebook.com\\\/ZSAEvents\",\"https:\\\/\\\/www.instagram.com\\\/zuercher_sing_akademie\\\/\",\"https:\\\/\\\/www.youtube.com\\\/c\\\/Z\u00fcrcherSingAkademie\"]}]}<\/script>\n<!-- \/ Yoast SEO plugin. -->","yoast_head_json":{"title":"Z\u00fcrcher Sing-Akademie &#183; Artistic Director","robots":{"index":"index","follow":"follow","max-snippet":"max-snippet:-1","max-image-preview":"max-image-preview:large","max-video-preview":"max-video-preview:-1"},"canonical":"https:\/\/sing-akademie.ch\/en\/artistic-director\/","og_locale":"en_US","og_type":"article","og_title":"Z\u00fcrcher Sing-Akademie &#183; Artistic Director","og_description":"[vc_row css_animation=&#8221;&#8221; row_type=&#8221;row&#8221; use_row_as_full_screen_section=&#8221;no&#8221; type=&#8221;full_width&#8221; angled_section=&#8221;no&#8221; text_align=&#8221;left&#8221; background_image_as_pattern=&#8221;without_pattern&#8221;][vc_column width=&#8221;1\/4&#8243;][vc_single_image image=&#8221;15673&#8243; img_size=&#8221;medium&#8221; qode_css_animation=&#8221;&#8221;][\/vc_column][vc_column width=&#8221;3\/4&#8243;][vc_column_text] Florian Helgath [\/vc_column_text][vc_separator type=&#8221;small&#8221; position=&#8221;left&#8221; color=&#8221;#cf9c73&#8243; thickness=&#8221;3&#8243; up=&#8221;20&#8243; down=&#8221;20&#8243;][vc_column_text] Florian Helgath has established himself as one of the leading choral conductors of this generation. He has been Artistic Director of ChorWerk Ruhr...","og_url":"https:\/\/sing-akademie.ch\/en\/artistic-director\/","og_site_name":"Z\u00fcrcher Sing-Akademie","article_publisher":"https:\/\/www.facebook.com\/ZSAEvents","article_modified_time":"2024-04-19T10:24:45+00:00","og_image":[{"width":570,"height":329,"url":"https:\/\/sing-akademie.ch\/wp-content\/uploads\/2023\/06\/LOGO-TS.png","type":"image\/png"}],"twitter_card":"summary_large_image","twitter_misc":{"Est. reading time":"3 minutes"},"schema":{"@context":"https:\/\/schema.org","@graph":[{"@type":"WebPage","@id":"https:\/\/sing-akademie.ch\/en\/artistic-director\/","url":"https:\/\/sing-akademie.ch\/en\/artistic-director\/","name":"Z\u00fcrcher Sing-Akademie &#183; Artistic Director","isPartOf":{"@id":"https:\/\/sing-akademie.ch\/en\/#website"},"datePublished":"2023-06-08T08:09:12+00:00","dateModified":"2024-04-19T10:24:45+00:00","breadcrumb":{"@id":"https:\/\/sing-akademie.ch\/en\/artistic-director\/#breadcrumb"},"inLanguage":"en-US","potentialAction":[{"@type":"ReadAction","target":["https:\/\/sing-akademie.ch\/en\/artistic-director\/"]}]},{"@type":"BreadcrumbList","@id":"https:\/\/sing-akademie.ch\/en\/artistic-director\/#breadcrumb","itemListElement":[{"@type":"ListItem","position":1,"name":"Homepage","item":"https:\/\/sing-akademie.ch\/en\/homepage\/"},{"@type":"ListItem","position":2,"name":"Artistic Director"}]},{"@type":"WebSite","@id":"https:\/\/sing-akademie.ch\/en\/#website","url":"https:\/\/sing-akademie.ch\/en\/","name":"Z\u00fcrcher Sing-Akademie","description":"...the world from a choral view","publisher":{"@id":"https:\/\/sing-akademie.ch\/en\/#organization"},"potentialAction":[{"@type":"SearchAction","target":{"@type":"EntryPoint","urlTemplate":"https:\/\/sing-akademie.ch\/en\/?s={search_term_string}"},"query-input":{"@type":"PropertyValueSpecification","valueRequired":true,"valueName":"search_term_string"}}],"inLanguage":"en-US"},{"@type":"Organization","@id":"https:\/\/sing-akademie.ch\/en\/#organization","name":"Z\u00fcrcher Sing-Akademie","alternateName":"ZSA","url":"https:\/\/sing-akademie.ch\/en\/","logo":{"@type":"ImageObject","inLanguage":"en-US","@id":"https:\/\/sing-akademie.ch\/en\/#\/schema\/logo\/image\/","url":"https:\/\/sing-akademie.ch\/wp-content\/uploads\/2023\/06\/Logo_ZSA_CMYK-scaled.jpg","contentUrl":"https:\/\/sing-akademie.ch\/wp-content\/uploads\/2023\/06\/Logo_ZSA_CMYK-scaled.jpg","width":2560,"height":832,"caption":"Z\u00fcrcher Sing-Akademie"},"image":{"@id":"https:\/\/sing-akademie.ch\/en\/#\/schema\/logo\/image\/"},"sameAs":["https:\/\/www.facebook.com\/ZSAEvents","https:\/\/www.instagram.com\/zuercher_sing_akademie\/","https:\/\/www.youtube.com\/c\/Z\u00fcrcherSingAkademie"]}]}},"_links":{"self":[{"href":"https:\/\/sing-akademie.ch\/en\/wp-json\/wp\/v2\/pages\/17949","targetHints":{"allow":["GET"]}}],"collection":[{"href":"https:\/\/sing-akademie.ch\/en\/wp-json\/wp\/v2\/pages"}],"about":[{"href":"https:\/\/sing-akademie.ch\/en\/wp-json\/wp\/v2\/types\/page"}],"author":[{"embeddable":true,"href":"https:\/\/sing-akademie.ch\/en\/wp-json\/wp\/v2\/users\/1"}],"replies":[{"embeddable":true,"href":"https:\/\/sing-akademie.ch\/en\/wp-json\/wp\/v2\/comments?post=17949"}],"version-history":[{"count":2,"href":"https:\/\/sing-akademie.ch\/en\/wp-json\/wp\/v2\/pages\/17949\/revisions"}],"predecessor-version":[{"id":17951,"href":"https:\/\/sing-akademie.ch\/en\/wp-json\/wp\/v2\/pages\/17949\/revisions\/17951"}],"wp:attachment":[{"href":"https:\/\/sing-akademie.ch\/en\/wp-json\/wp\/v2\/media?parent=17949"}],"curies":[{"name":"wp","href":"https:\/\/api.w.org\/{rel}","templated":true}]}}