{"id":17946,"date":"2023-06-08T10:08:12","date_gmt":"2023-06-08T08:08:12","guid":{"rendered":"https:\/\/sing-akademie.ch\/choir\/"},"modified":"2025-07-29T13:42:32","modified_gmt":"2025-07-29T11:42:32","slug":"choir","status":"publish","type":"page","link":"https:\/\/sing-akademie.ch\/en\/choir\/","title":{"rendered":"Choir"},"content":{"rendered":"<div class=\"wpb-content-wrapper\"><p>[vc_row css_animation=&#8221;&#8221; row_type=&#8221;row&#8221; use_row_as_full_screen_section=&#8221;no&#8221; type=&#8221;full_width&#8221; angled_section=&#8221;no&#8221; text_align=&#8221;left&#8221; background_image_as_pattern=&#8221;without_pattern&#8221;][vc_column][vc_column_text css=&#8221;&#8221;]<\/p>\n<div class=\"page\" title=\"Page 1\">\n<div class=\"layoutArea\">\n<div class=\"column\">\n<p style=\"font-weight: 400;\">Excellence of sound and musical expression lie at the heart of the ethos of the Zu\u0308rcher Sing-Akademie. Since its formation in 2011 the ensemble has achieved its place among the most renowned ensembles of Europe\u2018s professional choral scene, with a body of singers whose quality and presence never fail to inspire and impress.<\/p>\n<p style=\"font-weight: 400;\">Since the 2017-18 season, Florian Helgath has stood at the helm as Musical Director. There is no doubt that engagements with numerous outstanding musical directors such as Bernard Haitink, Pablo Heras-Casado, Giovanni Antonini, Paavo Ja\u0308rvi or Rene\u0301 Jacobs have influenced the ensemble\u2018s development and flexibility.<\/p>\n<p style=\"font-weight: 400;\">Alongside its long-standing partnership with the Tonhalle-Orchester Zu\u0308rich, the Zu\u0308rcher Sing-Akademie can be seen in the great European concert halls, performing a vast and varied repertoire in collaboration with many exceptional instrumental ensembles including the Orchestre de la Suisse Romande, Musikkollegium Winterthur, Kammerorchester Basel, Musikkollegium Winterthur, Luzerner Sinfonieorchester, Hofkapelle Mu\u0308nchen, the baroque orchestra La Scintilla and the Freiburger Barockorchester. Mit dem Freiburger Barockorchester ist der Chor regelm\u00e4ssig in grossen Konzerth\u00e4usern Europas zu Gast, etwa in der Philharmonie de Paris, der K\u00f6lner Philharmonie, der Elbphilharmonie Hamburg, in der Philharmonie Berlin und nat\u00fcrlich im Konzerthaus Freiburg.<\/p>\n<p style=\"font-weight: 400;\">The ensemble plays a prominent part in the promotion of Swiss composers, both historical and contemporary. With its a cappella projects the Zu\u0308rcher Sing-Akademie also seeks to build bridges between more traditional repertoire and contemporary music. Mit ihren Programmen und regelm\u00e4ssigen Kompositionsauftr\u00e4gen legt sie einen besonderen Fokus auf die Entwicklung der Schweizer Chorlandschaft. Central to its ethos is the continued development of the choral landscape: the Zu\u0308rcher Sing-Akademie frequently commissions new works and has given many premie\u0300re performances.<\/p>\n<p style=\"font-weight: 400;\">Tours have taken the choir to Germany, Italy, Israel, the Netherlands, Lebanon, Taiwan, South Korea and China as well as various European capitals.<\/p>\n<p style=\"font-weight: 400;\">A thrilling palette of CD recordings spans an extraordinarily diverse repertory, from Swiss rarities across the vast canon of the symphonic greats, through to world of opera. Eine spannende Palette an CD-Einspielungen mit der Z\u00fcrcher Sing-Akademie f\u00fchrt von Schweizer Rarit\u00e4ten \u00fcber Sinfonische Klassik bis Oper. Recent releases on the Pentatone label include Joseph Haydn&#8217;s &#8220;Stabat Mater&#8221; with the Basel Chamber Orchestra under the direction of Ren\u00e9 Jacobs and the recordings of Felix Mendelssohn&#8217;s &#8220;A Midsummer Night&#8217;s Dream&#8221; and &#8220;Lobgesang&#8221; with the Tonhalle Orchestra Zurich under the direction of Paavo J\u00e4rvi on the Alpha label. To commemorate the anniversary of Frank Martin\u2018s death, the ensemble released a CD on the Swiss label Claves Records in Autumn 2024, that explores the gems of the choral folk tradition.<\/p>\n<\/div>\n<\/div>\n<\/div>\n<p>[\/vc_column_text][\/vc_column][\/vc_row][vc_row css_animation=&#8221;&#8221; row_type=&#8221;row&#8221; use_row_as_full_screen_section=&#8221;no&#8221; type=&#8221;full_width&#8221; angled_section=&#8221;no&#8221; text_align=&#8221;left&#8221; background_image_as_pattern=&#8221;without_pattern&#8221;][vc_column][vc_separator type=&#8221;small&#8221; position=&#8221;center&#8221; width_in_percentages=&#8221;yes&#8221; color=&#8221;#cf9c73&#8243; thickness=&#8221;3&#8243; up=&#8221;40&#8243; down=&#8221;40&#8243; width=&#8221;80&#8243;][\/vc_column][\/vc_row][vc_row css_animation=&#8221;&#8221; row_type=&#8221;row&#8221; use_row_as_full_screen_section=&#8221;no&#8221; type=&#8221;grid&#8221; angled_section=&#8221;no&#8221; text_align=&#8221;left&#8221; background_image_as_pattern=&#8221;without_pattern&#8221; z_index=&#8221;&#8221;][vc_column width=&#8221;1\/2&#8243;][vc_column_text]<\/p>\n<h2 style=\"text-align: center;\">Soprano<\/h2>\n<p>[\/vc_column_text][vc_separator type=&#8221;small&#8221; position=&#8221;center&#8221; color=&#8221;#cf9c73&#8243; thickness=&#8221;2&#8243; up=&#8221;20&#8243; down=&#8221;20&#8243;][vc_empty_space]<div class=\"masonry_gallery_holder  \" data-parallax_item_speed=\"0.3\" data-parallax_item_offset=\"0\"><div class=\"grid-sizer\"><\/div><article class=\"masonry_gallery_item   \"><\/article><article class=\"masonry_gallery_item   \"><\/article><article class=\"masonry_gallery_item   \"><\/article><article class=\"masonry_gallery_item   \"><\/article><article class=\"masonry_gallery_item   \"><\/article><article class=\"masonry_gallery_item   \"><\/article><article class=\"masonry_gallery_item   \"><\/article><\/div>[\/vc_column][vc_column width=&#8221;1\/2&#8243;][vc_column_text]<\/p>\n<h2 style=\"text-align: center;\">Alto<\/h2>\n<p>[\/vc_column_text][vc_separator type=&#8221;small&#8221; position=&#8221;center&#8221; color=&#8221;#cf9c73&#8243; thickness=&#8221;2&#8243; up=&#8221;20&#8243; down=&#8221;20&#8243;]<div class=\"masonry_gallery_holder  \" data-parallax_item_speed=\"0.3\" data-parallax_item_offset=\"0\"><div class=\"grid-sizer\"><\/div><article class=\"masonry_gallery_item   \"><\/article><article class=\"masonry_gallery_item   \"><\/article><article class=\"masonry_gallery_item   \"><\/article><article class=\"masonry_gallery_item   \"><\/article><article class=\"masonry_gallery_item   \"><\/article><article class=\"masonry_gallery_item   \"><\/article><article class=\"masonry_gallery_item   \"><\/article><article class=\"masonry_gallery_item   \"><\/article><\/div>[vc_empty_space][\/vc_column][\/vc_row][vc_row css_animation=&#8221;&#8221; row_type=&#8221;row&#8221; use_row_as_full_screen_section=&#8221;no&#8221; type=&#8221;grid&#8221; angled_section=&#8221;no&#8221; text_align=&#8221;left&#8221; background_image_as_pattern=&#8221;without_pattern&#8221; z_index=&#8221;&#8221;][vc_column width=&#8221;1\/2&#8243;][vc_column_text]<\/p>\n<h2 style=\"text-align: center;\">Tenor<\/h2>\n<p>[\/vc_column_text][vc_separator type=&#8221;small&#8221; position=&#8221;center&#8221; color=&#8221;#cf9c73&#8243; thickness=&#8221;2&#8243; up=&#8221;20&#8243; down=&#8221;20&#8243;]<div class=\"masonry_gallery_holder  \" data-parallax_item_speed=\"0.3\" data-parallax_item_offset=\"0\"><div class=\"grid-sizer\"><\/div><article class=\"masonry_gallery_item   \"><\/article><article class=\"masonry_gallery_item   \"><\/article><article class=\"masonry_gallery_item   \"><\/article><article class=\"masonry_gallery_item   \"><\/article><article class=\"masonry_gallery_item   \"><\/article><article class=\"masonry_gallery_item   \"><\/article><article class=\"masonry_gallery_item   \"><\/article><\/div>[vc_empty_space][\/vc_column][vc_column width=&#8221;1\/2&#8243;][vc_column_text]<\/p>\n<h2 style=\"text-align: center;\">Bass<\/h2>\n<p>[\/vc_column_text][vc_separator type=&#8221;small&#8221; position=&#8221;center&#8221; color=&#8221;#cf9c73&#8243; thickness=&#8221;2&#8243; up=&#8221;20&#8243; down=&#8221;20&#8243;]<div class=\"masonry_gallery_holder  \" data-parallax_item_speed=\"0.3\" data-parallax_item_offset=\"0\"><div class=\"grid-sizer\"><\/div><article class=\"masonry_gallery_item   \"><\/article><article class=\"masonry_gallery_item   \"><\/article><article class=\"masonry_gallery_item   \"><\/article><article class=\"masonry_gallery_item   \"><\/article><article class=\"masonry_gallery_item   \"><\/article><article class=\"masonry_gallery_item   \"><\/article><article class=\"masonry_gallery_item   \"><\/article><\/div>[vc_empty_space][\/vc_column][\/vc_row]<\/p>\n<\/div>","protected":false},"excerpt":{"rendered":"<p>[vc_row css_animation=&#8221;&#8221; row_type=&#8221;row&#8221; use_row_as_full_screen_section=&#8221;no&#8221; type=&#8221;full_width&#8221; angled_section=&#8221;no&#8221; text_align=&#8221;left&#8221; background_image_as_pattern=&#8221;without_pattern&#8221;][vc_column][vc_column_text css=&#8221;&#8221;] Excellence of sound and musical expression lie at the heart of the ethos of the Zu\u0308rcher Sing-Akademie. Since its formation in 2011 the ensemble has achieved its place among the most renowned ensembles of Europe\u2018s professional&#8230;<\/p>\n","protected":false},"author":1,"featured_media":0,"parent":0,"menu_order":0,"comment_status":"closed","ping_status":"closed","template":"","meta":{"_themeisle_gutenberg_block_has_review":false,"footnotes":""},"class_list":["post-17946","page","type-page","status-publish","hentry"],"yoast_head":"<!-- This site is optimized with the Yoast SEO plugin v27.3 - https:\/\/yoast.com\/product\/yoast-seo-wordpress\/ -->\n<title>Z\u00fcrcher Sing-Akademie &#183; Choir<\/title>\n<meta name=\"robots\" content=\"index, follow, max-snippet:-1, max-image-preview:large, max-video-preview:-1\" \/>\n<link rel=\"canonical\" href=\"https:\/\/sing-akademie.ch\/en\/choir\/\" \/>\n<meta property=\"og:locale\" content=\"en_US\" \/>\n<meta property=\"og:type\" content=\"article\" \/>\n<meta property=\"og:title\" content=\"Z\u00fcrcher Sing-Akademie &#183; Choir\" \/>\n<meta property=\"og:description\" content=\"[vc_row css_animation=&#8221;&#8221; row_type=&#8221;row&#8221; use_row_as_full_screen_section=&#8221;no&#8221; type=&#8221;full_width&#8221; angled_section=&#8221;no&#8221; text_align=&#8221;left&#8221; background_image_as_pattern=&#8221;without_pattern&#8221;][vc_column][vc_column_text css=&#8221;&#8221;] Excellence of sound and musical expression lie at the heart of the ethos of the Zu\u0308rcher Sing-Akademie. Since its formation in 2011 the ensemble has achieved its place among the most renowned ensembles of Europe\u2018s professional...\" \/>\n<meta property=\"og:url\" content=\"https:\/\/sing-akademie.ch\/en\/choir\/\" \/>\n<meta property=\"og:site_name\" content=\"Z\u00fcrcher Sing-Akademie\" \/>\n<meta property=\"article:publisher\" content=\"https:\/\/www.facebook.com\/ZSAEvents\" \/>\n<meta property=\"article:modified_time\" content=\"2025-07-29T11:42:32+00:00\" \/>\n<meta property=\"og:image\" content=\"https:\/\/sing-akademie.ch\/wp-content\/uploads\/2023\/06\/LOGO-TS.png\" \/>\n\t<meta property=\"og:image:width\" content=\"570\" \/>\n\t<meta property=\"og:image:height\" content=\"329\" \/>\n\t<meta property=\"og:image:type\" content=\"image\/png\" \/>\n<meta name=\"twitter:card\" content=\"summary_large_image\" \/>\n<meta name=\"twitter:label1\" content=\"Est. reading time\" \/>\n\t<meta name=\"twitter:data1\" content=\"4 minutes\" \/>\n<script type=\"application\/ld+json\" class=\"yoast-schema-graph\">{\"@context\":\"https:\\\/\\\/schema.org\",\"@graph\":[{\"@type\":\"WebPage\",\"@id\":\"https:\\\/\\\/sing-akademie.ch\\\/en\\\/choir\\\/\",\"url\":\"https:\\\/\\\/sing-akademie.ch\\\/en\\\/choir\\\/\",\"name\":\"Z\u00fcrcher Sing-Akademie &#183; Choir\",\"isPartOf\":{\"@id\":\"https:\\\/\\\/sing-akademie.ch\\\/en\\\/#website\"},\"datePublished\":\"2023-06-08T08:08:12+00:00\",\"dateModified\":\"2025-07-29T11:42:32+00:00\",\"breadcrumb\":{\"@id\":\"https:\\\/\\\/sing-akademie.ch\\\/en\\\/choir\\\/#breadcrumb\"},\"inLanguage\":\"en-US\",\"potentialAction\":[{\"@type\":\"ReadAction\",\"target\":[\"https:\\\/\\\/sing-akademie.ch\\\/en\\\/choir\\\/\"]}]},{\"@type\":\"BreadcrumbList\",\"@id\":\"https:\\\/\\\/sing-akademie.ch\\\/en\\\/choir\\\/#breadcrumb\",\"itemListElement\":[{\"@type\":\"ListItem\",\"position\":1,\"name\":\"Homepage\",\"item\":\"https:\\\/\\\/sing-akademie.ch\\\/en\\\/homepage\\\/\"},{\"@type\":\"ListItem\",\"position\":2,\"name\":\"Choir\"}]},{\"@type\":\"WebSite\",\"@id\":\"https:\\\/\\\/sing-akademie.ch\\\/en\\\/#website\",\"url\":\"https:\\\/\\\/sing-akademie.ch\\\/en\\\/\",\"name\":\"Z\u00fcrcher Sing-Akademie\",\"description\":\"...the world from a choral view\",\"publisher\":{\"@id\":\"https:\\\/\\\/sing-akademie.ch\\\/en\\\/#organization\"},\"potentialAction\":[{\"@type\":\"SearchAction\",\"target\":{\"@type\":\"EntryPoint\",\"urlTemplate\":\"https:\\\/\\\/sing-akademie.ch\\\/en\\\/?s={search_term_string}\"},\"query-input\":{\"@type\":\"PropertyValueSpecification\",\"valueRequired\":true,\"valueName\":\"search_term_string\"}}],\"inLanguage\":\"en-US\"},{\"@type\":\"Organization\",\"@id\":\"https:\\\/\\\/sing-akademie.ch\\\/en\\\/#organization\",\"name\":\"Z\u00fcrcher Sing-Akademie\",\"alternateName\":\"ZSA\",\"url\":\"https:\\\/\\\/sing-akademie.ch\\\/en\\\/\",\"logo\":{\"@type\":\"ImageObject\",\"inLanguage\":\"en-US\",\"@id\":\"https:\\\/\\\/sing-akademie.ch\\\/en\\\/#\\\/schema\\\/logo\\\/image\\\/\",\"url\":\"https:\\\/\\\/sing-akademie.ch\\\/wp-content\\\/uploads\\\/2023\\\/06\\\/Logo_ZSA_CMYK-scaled.jpg\",\"contentUrl\":\"https:\\\/\\\/sing-akademie.ch\\\/wp-content\\\/uploads\\\/2023\\\/06\\\/Logo_ZSA_CMYK-scaled.jpg\",\"width\":2560,\"height\":832,\"caption\":\"Z\u00fcrcher Sing-Akademie\"},\"image\":{\"@id\":\"https:\\\/\\\/sing-akademie.ch\\\/en\\\/#\\\/schema\\\/logo\\\/image\\\/\"},\"sameAs\":[\"https:\\\/\\\/www.facebook.com\\\/ZSAEvents\",\"https:\\\/\\\/www.instagram.com\\\/zuercher_sing_akademie\\\/\",\"https:\\\/\\\/www.youtube.com\\\/c\\\/Z\u00fcrcherSingAkademie\"]}]}<\/script>\n<!-- \/ Yoast SEO plugin. -->","yoast_head_json":{"title":"Z\u00fcrcher Sing-Akademie &#183; Choir","robots":{"index":"index","follow":"follow","max-snippet":"max-snippet:-1","max-image-preview":"max-image-preview:large","max-video-preview":"max-video-preview:-1"},"canonical":"https:\/\/sing-akademie.ch\/en\/choir\/","og_locale":"en_US","og_type":"article","og_title":"Z\u00fcrcher Sing-Akademie &#183; Choir","og_description":"[vc_row css_animation=&#8221;&#8221; row_type=&#8221;row&#8221; use_row_as_full_screen_section=&#8221;no&#8221; type=&#8221;full_width&#8221; angled_section=&#8221;no&#8221; text_align=&#8221;left&#8221; background_image_as_pattern=&#8221;without_pattern&#8221;][vc_column][vc_column_text css=&#8221;&#8221;] Excellence of sound and musical expression lie at the heart of the ethos of the Zu\u0308rcher Sing-Akademie. Since its formation in 2011 the ensemble has achieved its place among the most renowned ensembles of Europe\u2018s professional...","og_url":"https:\/\/sing-akademie.ch\/en\/choir\/","og_site_name":"Z\u00fcrcher Sing-Akademie","article_publisher":"https:\/\/www.facebook.com\/ZSAEvents","article_modified_time":"2025-07-29T11:42:32+00:00","og_image":[{"width":570,"height":329,"url":"https:\/\/sing-akademie.ch\/wp-content\/uploads\/2023\/06\/LOGO-TS.png","type":"image\/png"}],"twitter_card":"summary_large_image","twitter_misc":{"Est. reading time":"4 minutes"},"schema":{"@context":"https:\/\/schema.org","@graph":[{"@type":"WebPage","@id":"https:\/\/sing-akademie.ch\/en\/choir\/","url":"https:\/\/sing-akademie.ch\/en\/choir\/","name":"Z\u00fcrcher Sing-Akademie &#183; Choir","isPartOf":{"@id":"https:\/\/sing-akademie.ch\/en\/#website"},"datePublished":"2023-06-08T08:08:12+00:00","dateModified":"2025-07-29T11:42:32+00:00","breadcrumb":{"@id":"https:\/\/sing-akademie.ch\/en\/choir\/#breadcrumb"},"inLanguage":"en-US","potentialAction":[{"@type":"ReadAction","target":["https:\/\/sing-akademie.ch\/en\/choir\/"]}]},{"@type":"BreadcrumbList","@id":"https:\/\/sing-akademie.ch\/en\/choir\/#breadcrumb","itemListElement":[{"@type":"ListItem","position":1,"name":"Homepage","item":"https:\/\/sing-akademie.ch\/en\/homepage\/"},{"@type":"ListItem","position":2,"name":"Choir"}]},{"@type":"WebSite","@id":"https:\/\/sing-akademie.ch\/en\/#website","url":"https:\/\/sing-akademie.ch\/en\/","name":"Z\u00fcrcher Sing-Akademie","description":"...the world from a choral view","publisher":{"@id":"https:\/\/sing-akademie.ch\/en\/#organization"},"potentialAction":[{"@type":"SearchAction","target":{"@type":"EntryPoint","urlTemplate":"https:\/\/sing-akademie.ch\/en\/?s={search_term_string}"},"query-input":{"@type":"PropertyValueSpecification","valueRequired":true,"valueName":"search_term_string"}}],"inLanguage":"en-US"},{"@type":"Organization","@id":"https:\/\/sing-akademie.ch\/en\/#organization","name":"Z\u00fcrcher Sing-Akademie","alternateName":"ZSA","url":"https:\/\/sing-akademie.ch\/en\/","logo":{"@type":"ImageObject","inLanguage":"en-US","@id":"https:\/\/sing-akademie.ch\/en\/#\/schema\/logo\/image\/","url":"https:\/\/sing-akademie.ch\/wp-content\/uploads\/2023\/06\/Logo_ZSA_CMYK-scaled.jpg","contentUrl":"https:\/\/sing-akademie.ch\/wp-content\/uploads\/2023\/06\/Logo_ZSA_CMYK-scaled.jpg","width":2560,"height":832,"caption":"Z\u00fcrcher Sing-Akademie"},"image":{"@id":"https:\/\/sing-akademie.ch\/en\/#\/schema\/logo\/image\/"},"sameAs":["https:\/\/www.facebook.com\/ZSAEvents","https:\/\/www.instagram.com\/zuercher_sing_akademie\/","https:\/\/www.youtube.com\/c\/Z\u00fcrcherSingAkademie"]}]}},"_links":{"self":[{"href":"https:\/\/sing-akademie.ch\/en\/wp-json\/wp\/v2\/pages\/17946","targetHints":{"allow":["GET"]}}],"collection":[{"href":"https:\/\/sing-akademie.ch\/en\/wp-json\/wp\/v2\/pages"}],"about":[{"href":"https:\/\/sing-akademie.ch\/en\/wp-json\/wp\/v2\/types\/page"}],"author":[{"embeddable":true,"href":"https:\/\/sing-akademie.ch\/en\/wp-json\/wp\/v2\/users\/1"}],"replies":[{"embeddable":true,"href":"https:\/\/sing-akademie.ch\/en\/wp-json\/wp\/v2\/comments?post=17946"}],"version-history":[{"count":10,"href":"https:\/\/sing-akademie.ch\/en\/wp-json\/wp\/v2\/pages\/17946\/revisions"}],"predecessor-version":[{"id":19044,"href":"https:\/\/sing-akademie.ch\/en\/wp-json\/wp\/v2\/pages\/17946\/revisions\/19044"}],"wp:attachment":[{"href":"https:\/\/sing-akademie.ch\/en\/wp-json\/wp\/v2\/media?parent=17946"}],"curies":[{"name":"wp","href":"https:\/\/api.w.org\/{rel}","templated":true}]}}